{"id":20623,"date":"2019-10-03T10:06:05","date_gmt":"2019-10-03T10:06:05","guid":{"rendered":"https:\/\/albaimoveis.com\/a-vida-no-pontal\/"},"modified":"2023-09-05T14:05:41","modified_gmt":"2023-09-05T14:05:41","slug":"a-vida-no-pontal","status":"publish","type":"page","link":"https:\/\/albaimoveis.com\/pt-br\/a-vida-no-pontal\/","title":{"rendered":"A vida no Pontal"},"content":{"rendered":"\t\t<div data-elementor-type=\"wp-page\" data-elementor-id=\"20623\" class=\"elementor elementor-20623 elementor-5167\">\n\t\t\t\t\t\t<section class=\"elementor-section elementor-top-section elementor-element elementor-element-54cbd17 elementor-section-boxed elementor-section-height-default elementor-section-height-default\" data-id=\"54cbd17\" data-element_type=\"section\" data-e-type=\"section\">\n\t\t\t\t\t\t<div class=\"elementor-container elementor-column-gap-default\">\n\t\t\t\t\t<div class=\"elementor-column elementor-col-100 elementor-top-column elementor-element elementor-element-45b7318\" data-id=\"45b7318\" data-element_type=\"column\" data-e-type=\"column\">\n\t\t\t<div class=\"elementor-widget-wrap elementor-element-populated\">\n\t\t\t\t\t\t<div class=\"elementor-element elementor-element-193c371 elementor-widget elementor-widget-ere-section-title-widget\" data-id=\"193c371\" data-element_type=\"widget\" data-e-type=\"widget\" data-widget_type=\"ere-section-title-widget.default\">\n\t\t\t\t<div class=\"elementor-widget-container\">\n\t\t\t\t\t            <div class=\"rh_elementor_widget re_section_head_elementor\">\n\t\t\t\t                    <span class=\"rh_section__subtitle\">Se optar por visitar o Pontal, al\u00e9m da beleza encantadora que o lugar tem, da praia maravilhosa e do seu lado selvagem, h\u00e1 uma lista de coisas que pode fazer enquanto estiver aqui.<\/span>\n\t\t\t\t\n\t\t\t\t                    <h2 class=\"rh_section__title\">Por exemplo, actividades como:<\/h2>\n\t\t\t\t\n\t\t\t\t                    <p class=\"rh_section__desc\">Consulte as liga\u00e7\u00f5es abaixo<\/p>\n\t\t\t\t            <\/div>\n\t\t\t\t\t\t\t<\/div>\n\t\t\t\t<\/div>\n\t\t\t\t<div class=\"elementor-element elementor-element-f43c9a5 elementor-widget elementor-widget-ere-classic-features-section-widget\" data-id=\"f43c9a5\" data-element_type=\"widget\" data-e-type=\"widget\" data-widget_type=\"ere-classic-features-section-widget.default\">\n\t\t\t\t<div class=\"elementor-widget-container\">\n\t\t\t\t\t        <div id=\"rh-f43c9a5\" class=\"rh_elementor_widget rhea_classic_features_section_elementor rhea_class_features_background  rhea_image_parallax\" style=\"background-image: url(http:\/\/albaimoveis.com\/wp-content\/uploads\/2022\/10\/IMG_7520-1240x720-1.jpg ) \">\n\t\t\t                <div class=\"rhea_features_overlay\"><\/div>\n\t\t\t            <div class=\"rhea_classic_features_section_container\">\n\t\t\t\t                    <div class=\"rhea_heading_wrapper\">\n\t\t\t\t\t\t                            <h2>Kite Surf<\/h2>\n\t\t\t\t\t\t\t                            <p>Fant\u00e1sticos passeios a cavalo e Kite Surfing<\/p>\n\n\t\t\t\t\t\t\t                    <\/div>\n\t\t\t\t\t            <\/div>\n        <\/div>\n\t\t\t\t\t\t<\/div>\n\t\t\t\t<\/div>\n\t\t\t\t<div class=\"elementor-element elementor-element-21fcc26 elementor-widget elementor-widget-text-editor\" data-id=\"21fcc26\" data-element_type=\"widget\" data-e-type=\"widget\" data-widget_type=\"text-editor.default\">\n\t\t\t\t<div class=\"elementor-widget-container\">\n\t\t\t\t\t\t\t\t\t<p dir=\"ltr\"><span style=\"color: #ffff99;\"><strong><br \/>\n  <a style=\"color: #ffff99;\" href=\"http:\/\/cavalaventure.com\/?fbclid=IwAR1d_nG1pT2-Y_IL0cRkvwFsPaGMq0kQ2WFK8FWAw6Le_w8-_uwG2BjWKfY\" target=\"_blank\" rel=\"noopener\" data-saferedirecturl=\"https:\/\/www.google.com\/url?q=http:\/\/cavalaventure.com\/?fbclid%3DIwAR1d_nG1pT2-Y_IL0cRkvwFsPaGMq0kQ2WFK8FWAw6Le_w8-_uwG2BjWKfY&amp;source=gmail&amp;ust=1573165931396000&amp;usg=AFQjCNHs4ccX15OpipGSOB5TEQZ3zcDHRw\">Passeios a cavalo (adultos+crian\u00e7as)<\/a><br \/>\n<\/strong><strong> \/ <a style=\"color: #ffff99;\" href=\"http:\/\/www.onelaunchkiteboarding.com\/ecoles-etranger\/olk-training-center-bresil\/\" target=\"_blank\" rel=\"noopener\" data-saferedirecturl=\"https:\/\/www.google.com\/url?q=http:\/\/www.onelaunchkiteboarding.com\/ecoles-etranger\/olk-training-center-bresil\/&amp;source=gmail&amp;ust=1573165931396000&amp;usg=AFQjCNGkD8r-t2vSLp33EIhkyS-pgSLabA\">Kitesurf <\/a><\/strong><strong>Passeios com \/ <\/strong><strong>Aulas de Karat\u00e9 para os mais pequenos \/ <\/strong><strong><br \/>\n  <a style=\"color: #ffff99;\" href=\"https:\/\/www.facebook.com\/pages\/category\/Tour-Guide\/Pontal-Aventura-O-Bolota-312269992519509\/\" target=\"_blank\" rel=\"noopener\" data-saferedirecturl=\"https:\/\/www.google.com\/url?q=https:\/\/www.facebook.com\/pages\/category\/Tour-Guide\/Pontal-Aventura-O-Bolota-312269992519509\/&amp;source=gmail&amp;ust=1573165931396000&amp;usg=AFQjCNE_2C2r4R0n05mlAfydT0q-hdTbuw\">Passeios de Buggy \/ <\/a><br \/>\n<\/strong><strong>Nata\u00e7\u00e3o <\/strong> <\/span><\/p>\n\t\t\t\t\t\t\t\t<\/div>\n\t\t\t\t<\/div>\n\t\t\t\t<div class=\"elementor-element elementor-element-3f7255a elementor-widget elementor-widget-ere-section-title-widget\" data-id=\"3f7255a\" data-element_type=\"widget\" data-e-type=\"widget\" data-widget_type=\"ere-section-title-widget.default\">\n\t\t\t\t<div class=\"elementor-widget-container\">\n\t\t\t\t\t            <div class=\"rh_elementor_widget re_section_head_elementor\">\n\t\t\t\t\n\t\t\t\t                    <h2 class=\"rh_section__title\">Locais onde se pode comer:<\/h2>\n\t\t\t\t\n\t\t\t\t                    <p class=\"rh_section__desc\">Consulte as liga\u00e7\u00f5es abaixo<\/p>\n\t\t\t\t            <\/div>\n\t\t\t\t\t\t\t<\/div>\n\t\t\t\t<\/div>\n\t\t\t\t<div class=\"elementor-element elementor-element-87b6e6f elementor-widget elementor-widget-ere-classic-features-section-widget\" data-id=\"87b6e6f\" data-element_type=\"widget\" data-e-type=\"widget\" data-widget_type=\"ere-classic-features-section-widget.default\">\n\t\t\t\t<div class=\"elementor-widget-container\">\n\t\t\t\t\t        <div id=\"rh-87b6e6f\" class=\"rh_elementor_widget rhea_classic_features_section_elementor rhea_class_features_background  rhea_image_parallax\" style=\"background-image: url(http:\/\/albaimoveis.com\/wp-content\/uploads\/2019\/11\/barraca-canto-verde-fortim.jpg ) \">\n\t\t\t                <div class=\"rhea_features_overlay\"><\/div>\n\t\t\t            <div class=\"rhea_classic_features_section_container\">\n\t\t\t\t                    <div class=\"rhea_heading_wrapper\">\n\t\t\t\t\t\t                            <h2>Canto Verde  <\/h2>\n\t\t\t\t\t\t\t                            <p>Dede (restaurante de peixe local junto \u00e0 praia)<\/p>\n\n\t\t\t\t\t\t\t                    <\/div>\n\t\t\t\t\t            <\/div>\n        <\/div>\n\t\t\t\t\t\t<\/div>\n\t\t\t\t<\/div>\n\t\t\t\t\t<\/div>\n\t\t<\/div>\n\t\t\t\t\t<\/div>\n\t\t<\/section>\n\t\t\t\t<section class=\"elementor-section elementor-top-section elementor-element elementor-element-dedb979 elementor-section-boxed elementor-section-height-default elementor-section-height-default\" data-id=\"dedb979\" data-element_type=\"section\" data-e-type=\"section\">\n\t\t\t\t\t\t<div class=\"elementor-container elementor-column-gap-default\">\n\t\t\t\t\t<div class=\"elementor-column elementor-col-100 elementor-top-column elementor-element elementor-element-abb8cb4\" data-id=\"abb8cb4\" data-element_type=\"column\" data-e-type=\"column\">\n\t\t\t<div class=\"elementor-widget-wrap elementor-element-populated\">\n\t\t\t\t\t\t<div class=\"elementor-element elementor-element-9c559bd elementor-widget elementor-widget-text-editor\" data-id=\"9c559bd\" data-element_type=\"widget\" data-e-type=\"widget\" data-widget_type=\"text-editor.default\">\n\t\t\t\t<div class=\"elementor-widget-container\">\n\t\t\t\t\t\t\t\t\t<p dir=\"ltr\"><span style=\"color: #ccffcc;\"><strong><a style=\"color: #ccffcc;\" href=\"http:\/\/8praiapub.com.br\/\" target=\"_blank\" rel=\"noopener\" data-saferedirecturl=\"https:\/\/www.google.com\/url?q=http:\/\/8praiapub.com.br\/&amp;source=gmail&amp;ust=1573165931396000&amp;usg=AFQjCNEfN3eP5YE51gKsYtpQV2Q0RVBVZw\"> <\/a><\/strong><strong><br \/>\n  <a style=\"color: #ccffcc;\" href=\"https:\/\/www.facebook.com\/VilacaicaraPontal\/\" target=\"_blank\" rel=\"noopener\" data-saferedirecturl=\"https:\/\/www.google.com\/url?q=https:\/\/www.facebook.com\/VilacaicaraPontal\/&amp;source=gmail&amp;ust=1573165931396000&amp;usg=AFQjCNFC-qkMZttDBtlS60sS7ImDJIKxcA\">Pizzaria Caicara \/ <\/a><br \/>\n<\/strong><strong><br \/>\n  <a style=\"color: #ccffcc;\" href=\"https:\/\/www.vilaselvagem.com\/en\/\" target=\"_blank\" rel=\"noopener\" data-saferedirecturl=\"https:\/\/www.google.com\/url?q=https:\/\/www.vilaselvagem.com\/en\/&amp;source=gmail&amp;ust=1573165931396000&amp;usg=AFQjCNEibMJL8M2yxKFwcvHuUVORLgNP6A\">Vila Selvagem \/ <\/a><br \/>\n<\/strong><strong><br \/>\n  <a style=\"color: #ccffcc;\" href=\"https:\/\/www.jaguaribelodge.com\/en\/\" target=\"_blank\" rel=\"noopener\" data-saferedirecturl=\"https:\/\/www.google.com\/url?q=https:\/\/www.jaguaribelodge.com\/en\/&amp;source=gmail&amp;ust=1573165931396000&amp;usg=AFQjCNGvLYNlXeWs_DtVWKxLSJ3ABvCLtA\">Kite Jaguaribe \/ <\/a><br \/>\n<\/strong><strong><br \/>\n  <a style=\"color: #ccffcc;\" href=\"http:\/\/cavalaventure.com\/?fbclid=IwAR1d_nG1pT2-Y_IL0cRkvwFsPaGMq0kQ2WFK8FWAw6Le_w8-_uwG2BjWKfY\" target=\"_blank\" rel=\"noopener\" data-saferedirecturl=\"https:\/\/www.google.com\/url?q=http:\/\/cavalaventure.com\/?fbclid%3DIwAR1d_nG1pT2-Y_IL0cRkvwFsPaGMq0kQ2WFK8FWAw6Le_w8-_uwG2BjWKfY&amp;source=gmail&amp;ust=1573165931396000&amp;usg=AFQjCNHs4ccX15OpipGSOB5TEQZ3zcDHRw\">Caval Adventures \/ <\/a><br \/>\n<\/strong><strong><br \/>\n  <a style=\"color: #ccffcc;\" href=\"https:\/\/www.pausahotel.com\/en\/\" target=\"_blank\" rel=\"noopener\" data-saferedirecturl=\"https:\/\/www.google.com\/url?q=https:\/\/www.pausahotel.com\/en\/&amp;source=gmail&amp;ust=1573165931396000&amp;usg=AFQjCNGYErFhAZ9cXK-ZpEXWfN2MRc_H_A\">Hotel Pausa <\/a><br \/>\n<\/strong><strong>Baracas na Praia <\/strong> <\/span><\/p>\n<p dir=\"ltr\"><strong><br \/>\n  <span style=\"color: #ccffcc;\"><br \/>\n    <span style=\"color: #ccffcc;\"><br \/>\n      <a style=\"color: #ccffcc;\" href=\"https:\/\/www.hotelvilaveratheresa.com\/en-gb?_ga=2.166093694.1784452466.1573595115-2030020489.1570055715\">V<\/a><br \/>\n    <\/span><br \/>\n  <\/span><br \/>\n  <a style=\"color: #ccffcc;\" href=\"https:\/\/www.hotelvilaveratheresa.com\/en-gb?_ga=2.166093694.1784452466.1573595115-2030020489.1570055715\">ila <\/a><br \/>\n  <a style=\"color: #ccffcc;\" href=\"https:\/\/www.hotelvilaveratheresa.com\/en-gb?_ga=2.166093694.1784452466.1573595115-2030020489.1570055715\">VeraTheresa<\/a><br \/>\n<\/strong> <strong style=\"color: #ccffcc;\"> \/ Dede (restaurante de peixe local junto \u00e0 praia) \/ <\/strong><strong style=\"color: #ccffcc;\">Ferdinando (restaurante local)<\/strong><\/p>\n\t\t\t\t\t\t\t\t<\/div>\n\t\t\t\t<\/div>\n\t\t\t\t<div class=\"elementor-element elementor-element-b42f427 elementor-widget elementor-widget-ere-section-title-widget\" data-id=\"b42f427\" data-element_type=\"widget\" data-e-type=\"widget\" data-widget_type=\"ere-section-title-widget.default\">\n\t\t\t\t<div class=\"elementor-widget-container\">\n\t\t\t\t\t            <div class=\"rh_elementor_widget re_section_head_elementor\">\n\t\t\t\t\n\t\t\t\t                    <h2 class=\"rh_section__title\">Bares onde se pode ter vida nocturna e bebidas:  <\/h2>\n\t\t\t\t\n\t\t\t\t                    <p class=\"rh_section__desc\">Consulte as liga\u00e7\u00f5es abaixo<\/p>\n\t\t\t\t            <\/div>\n\t\t\t\t\t\t\t<\/div>\n\t\t\t\t<\/div>\n\t\t\t\t<div class=\"elementor-element elementor-element-3264cdf elementor-widget elementor-widget-ere-classic-features-section-widget\" data-id=\"3264cdf\" data-element_type=\"widget\" data-e-type=\"widget\" data-widget_type=\"ere-classic-features-section-widget.default\">\n\t\t\t\t<div class=\"elementor-widget-container\">\n\t\t\t\t\t        <div id=\"rh-3264cdf\" class=\"rh_elementor_widget rhea_classic_features_section_elementor rhea_class_features_background  rhea_image_parallax\" style=\"background-image: url(http:\/\/albaimoveis.com\/wp-content\/uploads\/2019\/11\/IMG_1849-scaled.jpg ) \">\n\t\t\t                <div class=\"rhea_features_overlay\"><\/div>\n\t\t\t            <div class=\"rhea_classic_features_section_container\">\n\t\t\t\t                    <div class=\"rhea_heading_wrapper\">\n\t\t\t\t\t\t                            <h2>Bar Caval Aventure<\/h2>\n\t\t\t\t\t\t\t                            <p>Excelente ambiente e cocktails deliciosos<\/p>\n\n\t\t\t\t\t\t\t                    <\/div>\n\t\t\t\t\t            <\/div>\n        <\/div>\n\t\t\t\t\t\t<\/div>\n\t\t\t\t<\/div>\n\t\t\t\t\t<\/div>\n\t\t<\/div>\n\t\t\t\t\t<\/div>\n\t\t<\/section>\n\t\t\t\t<section class=\"elementor-section elementor-top-section elementor-element elementor-element-d85785b elementor-section-boxed elementor-section-height-default elementor-section-height-default\" data-id=\"d85785b\" data-element_type=\"section\" data-e-type=\"section\">\n\t\t\t\t\t\t<div class=\"elementor-container elementor-column-gap-default\">\n\t\t\t\t\t<div class=\"elementor-column elementor-col-100 elementor-top-column elementor-element elementor-element-f43edf0\" data-id=\"f43edf0\" data-element_type=\"column\" data-e-type=\"column\">\n\t\t\t<div class=\"elementor-widget-wrap elementor-element-populated\">\n\t\t\t\t\t\t<div class=\"elementor-element elementor-element-508ec8f elementor-widget elementor-widget-text-editor\" data-id=\"508ec8f\" data-element_type=\"widget\" data-e-type=\"widget\" data-widget_type=\"text-editor.default\">\n\t\t\t\t<div class=\"elementor-widget-container\">\n\t\t\t\t\t\t\t\t\t<p dir=\"ltr\"><span style=\"color: #ffcc99;\"><br \/>\n  <strong><br \/>\n    <a style=\"color: #ffcc99;\" href=\"http:\/\/cavalaventure.com\/?fbclid=IwAR1d_nG1pT2-Y_IL0cRkvwFsPaGMq0kQ2WFK8FWAw6Le_w8-_uwG2BjWKfY\" target=\"_blank\" rel=\"noopener\" data-saferedirecturl=\"https:\/\/www.google.com\/url?q=http:\/\/cavalaventure.com\/?fbclid%3DIwAR1d_nG1pT2-Y_IL0cRkvwFsPaGMq0kQ2WFK8FWAw6Le_w8-_uwG2BjWKfY&amp;source=gmail&amp;ust=1573165931396000&amp;usg=AFQjCNHs4ccX15OpipGSOB5TEQZ3zcDHRw\">Cavalo Aventura \/ <\/a><br \/>\n  <\/strong><br \/>\n<\/span><span style=\"color: #ffcc99;\"><br \/>\n  <strong><br \/>\n    <a style=\"color: #ffcc99;\" href=\"https:\/\/www.facebook.com\/pages\/Bar-Show-De-Bola\/658649884612841\" target=\"_blank\" rel=\"noopener\" data-saferedirecturl=\"https:\/\/www.google.com\/url?q=https:\/\/www.facebook.com\/pages\/Bar-Show-De-Bola\/658649884612841&amp;source=gmail&amp;ust=1573165931396000&amp;usg=AFQjCNH-f6VVuyP7xdG4JrkHp5RSXKg9Jw\">Show de Bola <\/a><br \/>\n  <\/strong><br \/>\n<\/span> <\/p>\n\t\t\t\t\t\t\t\t<\/div>\n\t\t\t\t<\/div>\n\t\t\t\t\t<\/div>\n\t\t<\/div>\n\t\t\t\t\t<\/div>\n\t\t<\/section>\n\t\t\t\t<section class=\"elementor-section elementor-top-section elementor-element elementor-element-532f87c elementor-section-boxed elementor-section-height-default elementor-section-height-default\" data-id=\"532f87c\" data-element_type=\"section\" data-e-type=\"section\">\n\t\t\t\t\t\t<div class=\"elementor-container elementor-column-gap-default\">\n\t\t\t\t\t<div class=\"elementor-column elementor-col-100 elementor-top-column elementor-element elementor-element-6764fb1\" data-id=\"6764fb1\" data-element_type=\"column\" data-e-type=\"column\">\n\t\t\t<div class=\"elementor-widget-wrap elementor-element-populated\">\n\t\t\t\t\t\t<div class=\"elementor-element elementor-element-d14c11c elementor-widget elementor-widget-text-editor\" data-id=\"d14c11c\" data-element_type=\"widget\" data-e-type=\"widget\" data-widget_type=\"text-editor.default\">\n\t\t\t\t<div class=\"elementor-widget-container\">\n\t\t\t\t\t\t\t\t\t<p dir=\"ltr\">Se ainda n\u00e3o reservou a sua estadia, existe uma lista de locais onde pode ficar.  <\/p>\n<p dir=\"ltr\">Hot\u00e9is ou casas dispon\u00edveis para aluguer<\/p>\n\t\t\t\t\t\t\t\t<\/div>\n\t\t\t\t<\/div>\n\t\t\t\t\t<\/div>\n\t\t<\/div>\n\t\t\t\t\t<\/div>\n\t\t<\/section>\n\t\t\t\t<\/div>\n\t\t","protected":false},"excerpt":{"rendered":"<p>Se optar por visitar o Pontal, al\u00e9m da beleza encantadora que o lugar tem, da praia maravilhosa e do seu lado selvagem, h\u00e1 uma lista de coisas que pode fazer enquanto estiver aqui. Por exemplo, actividades como: Consulte as liga\u00e7\u00f5es abaixo Kite Surf Fant\u00e1sticos passeios a cavalo e Kite Surfing Passeios a cavalo (adultos+crian\u00e7as) \/&#8230;<\/p>\n","protected":false},"author":1,"featured_media":0,"parent":0,"menu_order":0,"comment_status":"closed","ping_status":"closed","template":"","meta":{"footnotes":""},"class_list":["post-20623","page","type-page","status-publish","hentry"],"_links":{"self":[{"href":"https:\/\/albaimoveis.com\/pt-br\/wp-json\/wp\/v2\/pages\/20623","targetHints":{"allow":["GET"]}}],"collection":[{"href":"https:\/\/albaimoveis.com\/pt-br\/wp-json\/wp\/v2\/pages"}],"about":[{"href":"https:\/\/albaimoveis.com\/pt-br\/wp-json\/wp\/v2\/types\/page"}],"author":[{"embeddable":true,"href":"https:\/\/albaimoveis.com\/pt-br\/wp-json\/wp\/v2\/users\/1"}],"replies":[{"embeddable":true,"href":"https:\/\/albaimoveis.com\/pt-br\/wp-json\/wp\/v2\/comments?post=20623"}],"version-history":[{"count":2,"href":"https:\/\/albaimoveis.com\/pt-br\/wp-json\/wp\/v2\/pages\/20623\/revisions"}],"predecessor-version":[{"id":21115,"href":"https:\/\/albaimoveis.com\/pt-br\/wp-json\/wp\/v2\/pages\/20623\/revisions\/21115"}],"wp:attachment":[{"href":"https:\/\/albaimoveis.com\/pt-br\/wp-json\/wp\/v2\/media?parent=20623"}],"curies":[{"name":"wp","href":"https:\/\/api.w.org\/{rel}","templated":true}]}}