{"id":20633,"date":"2019-09-30T19:47:22","date_gmt":"2019-09-30T19:47:22","guid":{"rendered":"https:\/\/albaimoveis.com\/rse\/"},"modified":"2023-09-05T13:49:53","modified_gmt":"2023-09-05T13:49:53","slug":"rse","status":"publish","type":"page","link":"https:\/\/albaimoveis.com\/pt-br\/rse\/","title":{"rendered":"RSE"},"content":{"rendered":"\t\t<div data-elementor-type=\"wp-page\" data-elementor-id=\"20633\" class=\"elementor elementor-20633 elementor-4942\">\n\t\t\t\t\t\t<section class=\"elementor-section elementor-top-section elementor-element elementor-element-2cca34a elementor-section-boxed elementor-section-height-default elementor-section-height-default\" data-id=\"2cca34a\" data-element_type=\"section\" data-e-type=\"section\">\n\t\t\t\t\t\t<div class=\"elementor-container elementor-column-gap-default\">\n\t\t\t\t\t<div class=\"elementor-column elementor-col-100 elementor-top-column elementor-element elementor-element-6f65e3e\" data-id=\"6f65e3e\" data-element_type=\"column\" data-e-type=\"column\">\n\t\t\t<div class=\"elementor-widget-wrap elementor-element-populated\">\n\t\t\t\t\t\t<div class=\"elementor-element elementor-element-fa439bd elementor-widget elementor-widget-text-editor\" data-id=\"fa439bd\" data-element_type=\"widget\" data-e-type=\"widget\" data-widget_type=\"text-editor.default\">\n\t\t\t\t<div class=\"elementor-widget-container\">\n\t\t\t\t\t\t\t\t\t<p style=\"font-weight: 400;\">Ao longo destes anos, a responsabilidade social das empresas tem sido um pilar da nossa atividade em Fortim. Patrocin\u00e1mos a renova\u00e7\u00e3o de ONG locais. Cede de AJMP e cede de AMPM.<\/p>\n<p style=\"font-weight: 400;\">Investir numa maior sensibiliza\u00e7\u00e3o para as quest\u00f5es ambientais. Investir em jardins em espa\u00e7os p\u00fablicos, como parques e escolas. B) Investir na forma\u00e7\u00e3o, patrocinando aulas de l\u00ednguas para jovens no pontal. C) investir no patroc\u00ednio de eventos culturais locais, como o Pontal Artes e eventos de Natal, concertos de jazz com m\u00fasicos internacionais. D) investir em parceria com o munic\u00edpio na limpeza e manuten\u00e7\u00e3o das praias E) Investir na ajuda social \u00e0 ag\u00eancia municipal de servi\u00e7os sociais.<\/p>\n<p>Parceria com a comunidade local. Se eu pudesse dizer que o que nos distinguiu de outros investidores foi, desde o in\u00edcio, uma parceria de crescimento com a comunidade local. Ao ajudar organicamente e investir neles, descobrimos que eles nos ajudaram a crescer. Noutras localidades do Cear\u00e1, tem-se assistido a conflitos com investidores estrangeiros, cuja imagem tem sido vista como especuladores e ego\u00edstas. Ao fazer com que a comunidade trabalhe connosco, conseguimos ajudar tanto a comunidade nativa como os investidores estrangeiros sem esses conflitos. N\u00e3o foi o caso inicialmente, mas foi o resultado da persist\u00eancia e do esfor\u00e7o consistente da nossa parte para caminhar em conjunto com a comunidade e garantir que esta beneficia deste crescimento.<\/p>\n\t\t\t\t\t\t\t\t<\/div>\n\t\t\t\t<\/div>\n\t\t\t\t<div class=\"elementor-element elementor-element-4e7b599 elementor-widget elementor-widget-progress\" data-id=\"4e7b599\" data-element_type=\"widget\" data-e-type=\"widget\" data-widget_type=\"progress.default\">\n\t\t\t\t<div class=\"elementor-widget-container\">\n\t\t\t\t\t\t\t\t<span class=\"elementor-title\" id=\"elementor-progress-bar-4e7b599\">\n\t\t\t\t* Apoio \u00e0s mulheres empres\u00e1rias\t\t\t<\/span>\n\t\t\n\t\t<div aria-labelledby=\"elementor-progress-bar-4e7b599\" class=\"elementor-progress-wrapper progress-warning\" role=\"progressbar\" aria-valuemin=\"0\" aria-valuemax=\"100\" aria-valuenow=\"80\">\n\t\t\t<div class=\"elementor-progress-bar\" data-max=\"80\">\n\t\t\t\t<span class=\"elementor-progress-text\"><\/span>\n\t\t\t\t\t\t\t<\/div>\n\t\t<\/div>\n\t\t\t\t\t\t<\/div>\n\t\t\t\t<\/div>\n\t\t\t\t<div class=\"elementor-element elementor-element-bcd1c93 elementor-widget elementor-widget-progress\" data-id=\"bcd1c93\" data-element_type=\"widget\" data-e-type=\"widget\" data-widget_type=\"progress.default\">\n\t\t\t\t<div class=\"elementor-widget-container\">\n\t\t\t\t\t\t\t\t<span class=\"elementor-title\" id=\"elementor-progress-bar-bcd1c93\">\n\t\t\t\t* Apoio \u00e0 educa\u00e7\u00e3o\t\t\t<\/span>\n\t\t\n\t\t<div aria-labelledby=\"elementor-progress-bar-bcd1c93\" class=\"elementor-progress-wrapper progress-warning\" role=\"progressbar\" aria-valuemin=\"0\" aria-valuemax=\"100\" aria-valuenow=\"72\">\n\t\t\t<div class=\"elementor-progress-bar\" data-max=\"72\">\n\t\t\t\t<span class=\"elementor-progress-text\"><\/span>\n\t\t\t\t\t\t\t<\/div>\n\t\t<\/div>\n\t\t\t\t\t\t<\/div>\n\t\t\t\t<\/div>\n\t\t\t\t<div class=\"elementor-element elementor-element-ad0c1e8 elementor-widget elementor-widget-progress\" data-id=\"ad0c1e8\" data-element_type=\"widget\" data-e-type=\"widget\" data-widget_type=\"progress.default\">\n\t\t\t\t<div class=\"elementor-widget-container\">\n\t\t\t\t\t\t\t\t<span class=\"elementor-title\" id=\"elementor-progress-bar-ad0c1e8\">\n\t\t\t\tEnvolvimento c\u00edvico para causas comuns\t\t\t<\/span>\n\t\t\n\t\t<div aria-labelledby=\"elementor-progress-bar-ad0c1e8\" class=\"elementor-progress-wrapper\" role=\"progressbar\" aria-valuemin=\"0\" aria-valuemax=\"100\" aria-valuenow=\"68\">\n\t\t\t<div class=\"elementor-progress-bar\" data-max=\"68\">\n\t\t\t\t<span class=\"elementor-progress-text\"><\/span>\n\t\t\t\t\t\t\t<\/div>\n\t\t<\/div>\n\t\t\t\t\t\t<\/div>\n\t\t\t\t<\/div>\n\t\t\t\t<div class=\"elementor-element elementor-element-b093ee4 elementor-widget elementor-widget-progress\" data-id=\"b093ee4\" data-element_type=\"widget\" data-e-type=\"widget\" data-widget_type=\"progress.default\">\n\t\t\t\t<div class=\"elementor-widget-container\">\n\t\t\t\t\t\t\t\t<span class=\"elementor-title\" id=\"elementor-progress-bar-b093ee4\">\n\t\t\t\tAumento dos postos de trabalho\t\t\t<\/span>\n\t\t\n\t\t<div aria-labelledby=\"elementor-progress-bar-b093ee4\" class=\"elementor-progress-wrapper\" role=\"progressbar\" aria-valuemin=\"0\" aria-valuemax=\"100\" aria-valuenow=\"48\">\n\t\t\t<div class=\"elementor-progress-bar\" data-max=\"48\">\n\t\t\t\t<span class=\"elementor-progress-text\"><\/span>\n\t\t\t\t\t\t\t<\/div>\n\t\t<\/div>\n\t\t\t\t\t\t<\/div>\n\t\t\t\t<\/div>\n\t\t\t\t<div class=\"elementor-element elementor-element-bbb3177 elementor-widget elementor-widget-progress\" data-id=\"bbb3177\" data-element_type=\"widget\" data-e-type=\"widget\" data-widget_type=\"progress.default\">\n\t\t\t\t<div class=\"elementor-widget-container\">\n\t\t\t\t\t\t\t\t<span class=\"elementor-title\" id=\"elementor-progress-bar-bbb3177\">\n\t\t\t\tAumento das actividades culturais\t\t\t<\/span>\n\t\t\n\t\t<div aria-labelledby=\"elementor-progress-bar-bbb3177\" class=\"elementor-progress-wrapper\" role=\"progressbar\" aria-valuemin=\"0\" aria-valuemax=\"100\" aria-valuenow=\"50\">\n\t\t\t<div class=\"elementor-progress-bar\" data-max=\"50\">\n\t\t\t\t<span class=\"elementor-progress-text\"><\/span>\n\t\t\t\t\t\t\t<\/div>\n\t\t<\/div>\n\t\t\t\t\t\t<\/div>\n\t\t\t\t<\/div>\n\t\t\t\t<div class=\"elementor-element elementor-element-943f924 elementor-widget elementor-widget-progress\" data-id=\"943f924\" data-element_type=\"widget\" data-e-type=\"widget\" data-widget_type=\"progress.default\">\n\t\t\t\t<div class=\"elementor-widget-container\">\n\t\t\t\t\t\t\t\t<span class=\"elementor-title\" id=\"elementor-progress-bar-943f924\">\n\t\t\t\tProte\u00e7\u00e3o do patrim\u00f3nio cultural local\t\t\t<\/span>\n\t\t\n\t\t<div aria-labelledby=\"elementor-progress-bar-943f924\" class=\"elementor-progress-wrapper\" role=\"progressbar\" aria-valuemin=\"0\" aria-valuemax=\"100\" aria-valuenow=\"31\">\n\t\t\t<div class=\"elementor-progress-bar\" data-max=\"31\">\n\t\t\t\t<span class=\"elementor-progress-text\"><\/span>\n\t\t\t\t\t\t\t<\/div>\n\t\t<\/div>\n\t\t\t\t\t\t<\/div>\n\t\t\t\t<\/div>\n\t\t\t\t<div class=\"elementor-element elementor-element-539c3a4 elementor-widget elementor-widget-spacer\" data-id=\"539c3a4\" data-element_type=\"widget\" data-e-type=\"widget\" data-widget_type=\"spacer.default\">\n\t\t\t\t<div class=\"elementor-widget-container\">\n\t\t\t\t\t\t\t<div class=\"elementor-spacer\">\n\t\t\t<div class=\"elementor-spacer-inner\"><\/div>\n\t\t<\/div>\n\t\t\t\t\t\t<\/div>\n\t\t\t\t<\/div>\n\t\t\t\t<div class=\"elementor-element elementor-element-f3060a3 elementor-widget elementor-widget-heading\" data-id=\"f3060a3\" data-element_type=\"widget\" data-e-type=\"widget\" data-widget_type=\"heading.default\">\n\t\t\t\t<div class=\"elementor-widget-container\">\n\t\t\t\t\t<h4 class=\"elementor-heading-title elementor-size-medium\">Para esse efeito, patrocin\u00e1mos alguns projectos que, modestamente, acreditamos terem feito a diferen\u00e7a.<\/h4>\t\t\t\t<\/div>\n\t\t\t\t<\/div>\n\t\t\t\t<div class=\"elementor-element elementor-element-3a90479 elementor-tabs-view-horizontal elementor-widget elementor-widget-tabs\" data-id=\"3a90479\" data-element_type=\"widget\" data-e-type=\"widget\" data-widget_type=\"tabs.default\">\n\t\t\t\t<div class=\"elementor-widget-container\">\n\t\t\t\t\t\t\t<div class=\"elementor-tabs\">\n\t\t\t<div class=\"elementor-tabs-wrapper\" role=\"tablist\" >\n\t\t\t\t\t\t\t\t\t<div id=\"elementor-tab-title-6141\" class=\"elementor-tab-title elementor-tab-desktop-title\" aria-selected=\"true\" data-tab=\"1\" role=\"tab\" tabindex=\"0\" aria-controls=\"elementor-tab-content-6141\" aria-expanded=\"false\">1<\/div>\n\t\t\t\t\t\t\t\t\t<div id=\"elementor-tab-title-6142\" class=\"elementor-tab-title elementor-tab-desktop-title\" aria-selected=\"false\" data-tab=\"2\" role=\"tab\" tabindex=\"-1\" aria-controls=\"elementor-tab-content-6142\" aria-expanded=\"false\">2<\/div>\n\t\t\t\t\t\t\t\t\t<div id=\"elementor-tab-title-6143\" class=\"elementor-tab-title elementor-tab-desktop-title\" aria-selected=\"false\" data-tab=\"3\" role=\"tab\" tabindex=\"-1\" aria-controls=\"elementor-tab-content-6143\" aria-expanded=\"false\">3<\/div>\n\t\t\t\t\t\t\t\t\t<div id=\"elementor-tab-title-6144\" class=\"elementor-tab-title elementor-tab-desktop-title\" aria-selected=\"false\" data-tab=\"4\" role=\"tab\" tabindex=\"-1\" aria-controls=\"elementor-tab-content-6144\" aria-expanded=\"false\">4<\/div>\n\t\t\t\t\t\t\t\t\t<div id=\"elementor-tab-title-6145\" class=\"elementor-tab-title elementor-tab-desktop-title\" aria-selected=\"false\" data-tab=\"5\" role=\"tab\" tabindex=\"-1\" aria-controls=\"elementor-tab-content-6145\" aria-expanded=\"false\">5<\/div>\n\t\t\t\t\t\t\t\t\t<div id=\"elementor-tab-title-6146\" class=\"elementor-tab-title elementor-tab-desktop-title\" aria-selected=\"false\" data-tab=\"6\" role=\"tab\" tabindex=\"-1\" aria-controls=\"elementor-tab-content-6146\" aria-expanded=\"false\">6<\/div>\n\t\t\t\t\t\t\t\t\t<div id=\"elementor-tab-title-6147\" class=\"elementor-tab-title elementor-tab-desktop-title\" aria-selected=\"false\" data-tab=\"7\" role=\"tab\" tabindex=\"-1\" aria-controls=\"elementor-tab-content-6147\" aria-expanded=\"false\">7<\/div>\n\t\t\t\t\t\t\t<\/div>\n\t\t\t<div class=\"elementor-tabs-content-wrapper\" role=\"tablist\" aria-orientation=\"vertical\">\n\t\t\t\t\t\t\t\t\t<div class=\"elementor-tab-title elementor-tab-mobile-title\" aria-selected=\"true\" data-tab=\"1\" role=\"tab\" tabindex=\"0\" aria-controls=\"elementor-tab-content-6141\" aria-expanded=\"false\">1<\/div>\n\t\t\t\t\t<div id=\"elementor-tab-content-6141\" class=\"elementor-tab-content elementor-clearfix\" data-tab=\"1\" role=\"tabpanel\" aria-labelledby=\"elementor-tab-title-6141\" tabindex=\"0\" hidden=\"false\"><p>Reforma do pr\u00e9dio da Associa\u00e7\u00e3o de Moradores do Pontal de Macei\u00f3 (mar\u00e7o de 2019)<\/p>\n<\/div>\n\t\t\t\t\t\t\t\t\t<div class=\"elementor-tab-title elementor-tab-mobile-title\" aria-selected=\"false\" data-tab=\"2\" role=\"tab\" tabindex=\"-1\" aria-controls=\"elementor-tab-content-6142\" aria-expanded=\"false\">2<\/div>\n\t\t\t\t\t<div id=\"elementor-tab-content-6142\" class=\"elementor-tab-content elementor-clearfix\" data-tab=\"2\" role=\"tabpanel\" aria-labelledby=\"elementor-tab-title-6142\" tabindex=\"0\" hidden=\"hidden\"><p>Apoio aos propriet\u00e1rios de pequenas empresas locais, centrado nas mulheres empres\u00e1rias. Projeto de pintura da fachada da padaria\/restaurante &#8220;Delica da Bel&#8221; e da propriet\u00e1ria Isabel Cristina (outubro de 2019)<\/p>\n<\/div>\n\t\t\t\t\t\t\t\t\t<div class=\"elementor-tab-title elementor-tab-mobile-title\" aria-selected=\"false\" data-tab=\"3\" role=\"tab\" tabindex=\"-1\" aria-controls=\"elementor-tab-content-6143\" aria-expanded=\"false\">3<\/div>\n\t\t\t\t\t<div id=\"elementor-tab-content-6143\" class=\"elementor-tab-content elementor-clearfix\" data-tab=\"3\" role=\"tabpanel\" aria-labelledby=\"elementor-tab-title-6143\" tabindex=\"0\" hidden=\"hidden\"><p>Apoiar os artistas locais. Projetos: Pinturas murais na entrada da pra\u00e7a principal do Pontal de Macei\u00f3 (2018-2019) ,Patroc\u00ednio da exposi\u00e7\u00e3o da artista Alessandra de Noroes Milfont (setembro de 2019)<\/p>\n<\/div>\n\t\t\t\t\t\t\t\t\t<div class=\"elementor-tab-title elementor-tab-mobile-title\" aria-selected=\"false\" data-tab=\"4\" role=\"tab\" tabindex=\"-1\" aria-controls=\"elementor-tab-content-6144\" aria-expanded=\"false\">4<\/div>\n\t\t\t\t\t<div id=\"elementor-tab-content-6144\" class=\"elementor-tab-content elementor-clearfix\" data-tab=\"4\" role=\"tabpanel\" aria-labelledby=\"elementor-tab-title-6144\" tabindex=\"0\" hidden=\"hidden\"><p>Educa\u00e7\u00e3o: Patroc\u00ednio da constru\u00e7\u00e3o de duas hortas em escolas locais de Fortim.  <\/p>\n<\/div>\n\t\t\t\t\t\t\t\t\t<div class=\"elementor-tab-title elementor-tab-mobile-title\" aria-selected=\"false\" data-tab=\"5\" role=\"tab\" tabindex=\"-1\" aria-controls=\"elementor-tab-content-6145\" aria-expanded=\"false\">5<\/div>\n\t\t\t\t\t<div id=\"elementor-tab-content-6145\" class=\"elementor-tab-content elementor-clearfix\" data-tab=\"5\" role=\"tabpanel\" aria-labelledby=\"elementor-tab-title-6145\" tabindex=\"0\" hidden=\"hidden\"><p>Apoio ao evento Pontal Arte. \u00c9 um evento anual que a AJPM (Associa\u00e7\u00e3o dos Jovens do Pontal de Macei\u00f3) organiza. Trata-se de um evento para mostrar a arte e a cultura locais.<\/p>\n<\/div>\n\t\t\t\t\t\t\t\t\t<div class=\"elementor-tab-title elementor-tab-mobile-title\" aria-selected=\"false\" data-tab=\"6\" role=\"tab\" tabindex=\"-1\" aria-controls=\"elementor-tab-content-6146\" aria-expanded=\"false\">6<\/div>\n\t\t\t\t\t<div id=\"elementor-tab-content-6146\" class=\"elementor-tab-content elementor-clearfix\" data-tab=\"6\" role=\"tabpanel\" aria-labelledby=\"elementor-tab-title-6146\" tabindex=\"0\" hidden=\"hidden\"><p>Pontal Arte<\/p>\n<\/div>\n\t\t\t\t\t\t\t\t\t<div class=\"elementor-tab-title elementor-tab-mobile-title\" aria-selected=\"false\" data-tab=\"7\" role=\"tab\" tabindex=\"-1\" aria-controls=\"elementor-tab-content-6147\" aria-expanded=\"false\">7<\/div>\n\t\t\t\t\t<div id=\"elementor-tab-content-6147\" class=\"elementor-tab-content elementor-clearfix\" data-tab=\"7\" role=\"tabpanel\" aria-labelledby=\"elementor-tab-title-6147\" tabindex=\"0\" hidden=\"hidden\"><p>Prefeitura do Fortim &#8211; Evento de Ano Novo, Ano Novo 2018 um show na pra\u00e7a principal do Pontal com assinatura ao vivo e apresenta\u00e7\u00e3o teatral. Foi pago por n\u00f3s e pelo munic\u00edpio.  <\/p>\n<\/div>\n\t\t\t\t\t\t\t<\/div>\n\t\t<\/div>\n\t\t\t\t\t\t<\/div>\n\t\t\t\t<\/div>\n\t\t\t\t<div class=\"elementor-element elementor-element-597032d elementor-star-rating--align-center elementor--star-style-star_fontawesome elementor-widget elementor-widget-star-rating\" data-id=\"597032d\" data-element_type=\"widget\" data-e-type=\"widget\" data-widget_type=\"star-rating.default\">\n\t\t\t\t<div class=\"elementor-widget-container\">\n\t\t\t\t\t\t\t<div class=\"elementor-star-rating__wrapper\">\n\t\t\t\t\t\t<div class=\"elementor-star-rating\" itemtype=\"http:\/\/schema.org\/Rating\" itemscope=\"\" itemprop=\"reviewRating\">\n\t\t\t\t<i class=\"elementor-star-full\" aria-hidden=\"true\">&#xE934;<\/i><i class=\"elementor-star-full\" aria-hidden=\"true\">&#xE934;<\/i><i class=\"elementor-star-full\" aria-hidden=\"true\">&#xE934;<\/i><i class=\"elementor-star-full\" aria-hidden=\"true\">&#xE934;<\/i><i class=\"elementor-star-full\" aria-hidden=\"true\">&#xE934;<\/i>\t\t\t\t<span itemprop=\"ratingValue\" class=\"elementor-screen-only\">Classificado como 5 de 5<\/span>\n\t\t\t<\/div>\n\t\t<\/div>\n\t\t\t\t\t\t<\/div>\n\t\t\t\t<\/div>\n\t\t\t\t<div class=\"elementor-element elementor-element-f865576 elementor-widget elementor-widget-spacer\" data-id=\"f865576\" data-element_type=\"widget\" data-e-type=\"widget\" data-widget_type=\"spacer.default\">\n\t\t\t\t<div class=\"elementor-widget-container\">\n\t\t\t\t\t\t\t<div class=\"elementor-spacer\">\n\t\t\t<div class=\"elementor-spacer-inner\"><\/div>\n\t\t<\/div>\n\t\t\t\t\t\t<\/div>\n\t\t\t\t<\/div>\n\t\t\t\t<div class=\"elementor-element elementor-element-d904b6d elementor-widget elementor-widget-ere-section-title-widget\" data-id=\"d904b6d\" data-element_type=\"widget\" data-e-type=\"widget\" data-widget_type=\"ere-section-title-widget.default\">\n\t\t\t\t<div class=\"elementor-widget-container\">\n\t\t\t\t\t            <div class=\"rh_elementor_widget re_section_head_elementor\">\n\t\t\t\t                    <span class=\"rh_section__subtitle\">Fotos da reforma do pr\u00e9dio da Resid\u00eancia de Ponta de Macei\u00f3.<\/span>\n\t\t\t\t\n\t\t\t\t\n\t\t\t\t            <\/div>\n\t\t\t\t\t\t\t<\/div>\n\t\t\t\t<\/div>\n\t\t\t\t<div class=\"elementor-element elementor-element-ebb9bd5 elementor-widget elementor-widget-image-carousel\" data-id=\"ebb9bd5\" data-element_type=\"widget\" data-e-type=\"widget\" data-settings=\"{&quot;navigation&quot;:&quot;none&quot;,&quot;slides_to_show&quot;:&quot;1&quot;,&quot;autoplay&quot;:&quot;yes&quot;,&quot;pause_on_hover&quot;:&quot;yes&quot;,&quot;pause_on_interaction&quot;:&quot;yes&quot;,&quot;autoplay_speed&quot;:5000,&quot;infinite&quot;:&quot;yes&quot;,&quot;effect&quot;:&quot;slide&quot;,&quot;speed&quot;:500}\" data-widget_type=\"image-carousel.default\">\n\t\t\t\t<div class=\"elementor-widget-container\">\n\t\t\t\t\t\t\t<div class=\"elementor-image-carousel-wrapper swiper\" role=\"region\" aria-roledescription=\"carousel\" aria-label=\"Carrossel de imagens\" dir=\"ltr\">\n\t\t\t<div class=\"elementor-image-carousel swiper-wrapper\" aria-live=\"off\">\n\t\t\t\t\t\t\t\t<div class=\"swiper-slide\" role=\"group\" aria-roledescription=\"slide\" aria-label=\"1 de 13\"><figure class=\"swiper-slide-inner\"><img decoding=\"async\" class=\"swiper-slide-image\" src=\"https:\/\/albaimoveis.com\/wp-content\/uploads\/2019\/10\/89d515f4-9786-4904-824f-2080bf0e2612-768x512.jpeg\" alt=\"89d515f4-9786-4904-824f-2080bf0e2612\" \/><\/figure><\/div><div class=\"swiper-slide\" role=\"group\" aria-roledescription=\"slide\" aria-label=\"2 de 13\"><figure class=\"swiper-slide-inner\"><img decoding=\"async\" class=\"swiper-slide-image\" src=\"https:\/\/albaimoveis.com\/wp-content\/uploads\/2019\/10\/05953e5c-463f-470a-b451-5bcbdce6e4f7-1-768x512.jpeg\" alt=\"05953e5c-463f-470a-b451-5bcbdce6e4f7\" \/><\/figure><\/div><div class=\"swiper-slide\" role=\"group\" aria-roledescription=\"slide\" aria-label=\"3 de 13\"><figure class=\"swiper-slide-inner\"><img decoding=\"async\" class=\"swiper-slide-image\" src=\"https:\/\/albaimoveis.com\/wp-content\/uploads\/2019\/10\/5870169d-b6e2-4d0a-ae34-1ba6203c19e9-768x512.jpeg\" alt=\"5870169d-b6e2-4d0a-ae34-1ba6203c19e9\" \/><\/figure><\/div><div class=\"swiper-slide\" role=\"group\" aria-roledescription=\"slide\" aria-label=\"4 de 13\"><figure class=\"swiper-slide-inner\"><img decoding=\"async\" class=\"swiper-slide-image\" src=\"https:\/\/albaimoveis.com\/wp-content\/uploads\/2019\/10\/ass-2-768x512.jpeg\" alt=\"ass 2\" \/><\/figure><\/div><div class=\"swiper-slide\" role=\"group\" aria-roledescription=\"slide\" aria-label=\"5 de 13\"><figure class=\"swiper-slide-inner\"><img decoding=\"async\" class=\"swiper-slide-image\" src=\"https:\/\/albaimoveis.com\/wp-content\/uploads\/2019\/10\/ass-768x512.jpeg\" alt=\"ass\" \/><\/figure><\/div><div class=\"swiper-slide\" role=\"group\" aria-roledescription=\"slide\" aria-label=\"6 de 13\"><figure class=\"swiper-slide-inner\"><img decoding=\"async\" class=\"swiper-slide-image\" src=\"https:\/\/albaimoveis.com\/wp-content\/uploads\/2019\/10\/e633108c-36fd-4d28-a591-795a5209c8ca-768x512.jpeg\" alt=\"e633108c-36fd-4d28-a591-795a5209c8ca\" \/><\/figure><\/div><div class=\"swiper-slide\" role=\"group\" aria-roledescription=\"slide\" aria-label=\"7 de 13\"><figure class=\"swiper-slide-inner\"><img decoding=\"async\" class=\"swiper-slide-image\" src=\"https:\/\/albaimoveis.com\/wp-content\/uploads\/2019\/10\/d4bf4a0f-6c2a-4113-a59e-113ecb2be4e6-768x512.jpeg\" alt=\"d4bf4a0f-6c2a-4113-a59e-113ecb2be4e6\" \/><\/figure><\/div><div class=\"swiper-slide\" role=\"group\" aria-roledescription=\"slide\" aria-label=\"8 de 13\"><figure class=\"swiper-slide-inner\"><img decoding=\"async\" class=\"swiper-slide-image\" src=\"https:\/\/albaimoveis.com\/wp-content\/uploads\/2019\/10\/459740b8-2679-4eee-ba34-aae02ab42d11-768x512.jpeg\" alt=\"459740b8-2679-4eee-ba34-aae02ab42d11\" \/><\/figure><\/div><div class=\"swiper-slide\" role=\"group\" aria-roledescription=\"slide\" aria-label=\"9 de 13\"><figure class=\"swiper-slide-inner\"><img decoding=\"async\" class=\"swiper-slide-image\" src=\"https:\/\/albaimoveis.com\/wp-content\/uploads\/2019\/10\/7b2d51f5-1a57-4967-8b48-b9cd1aee154e-768x512.jpeg\" alt=\"7b2d51f5-1a57-4967-8b48-b9cd1aee154e\" \/><\/figure><\/div><div class=\"swiper-slide\" role=\"group\" aria-roledescription=\"slide\" aria-label=\"10 de 13\"><figure class=\"swiper-slide-inner\"><img decoding=\"async\" class=\"swiper-slide-image\" src=\"https:\/\/albaimoveis.com\/wp-content\/uploads\/2019\/10\/646e4a4e-e91f-4154-9a1e-cf3a3051111e-768x512.jpeg\" alt=\"646e4a4e-e91f-4154-9a1e-cf3a3051111e\" \/><\/figure><\/div><div class=\"swiper-slide\" role=\"group\" aria-roledescription=\"slide\" aria-label=\"11 de 13\"><figure class=\"swiper-slide-inner\"><img decoding=\"async\" class=\"swiper-slide-image\" src=\"https:\/\/albaimoveis.com\/wp-content\/uploads\/2019\/10\/192c753c-abcb-442a-a68f-80b91627900e-768x512.jpeg\" alt=\"192c753c-abcb-442a-a68f-80b91627900e\" \/><\/figure><\/div><div class=\"swiper-slide\" role=\"group\" aria-roledescription=\"slide\" aria-label=\"12 de 13\"><figure class=\"swiper-slide-inner\"><img decoding=\"async\" class=\"swiper-slide-image\" src=\"https:\/\/albaimoveis.com\/wp-content\/uploads\/2019\/10\/1b99dc5c-a41a-4e51-853f-5be6d8cb1945-768x512.jpeg\" alt=\"1b99dc5c-a41a-4e51-853f-5be6d8cb1945\" \/><\/figure><\/div><div class=\"swiper-slide\" role=\"group\" aria-roledescription=\"slide\" aria-label=\"13 de 13\"><figure class=\"swiper-slide-inner\"><img decoding=\"async\" class=\"swiper-slide-image\" src=\"https:\/\/albaimoveis.com\/wp-content\/uploads\/2019\/10\/9c0e6ee1-19a3-4e61-a87f-e52cc3e81ecf-768x512.jpeg\" alt=\"9c0e6ee1-19a3-4e61-a87f-e52cc3e81ecf\" \/><\/figure><\/div>\t\t\t<\/div>\n\t\t\t\t\t\t\t\n\t\t\t\t\t\t\t\t\t<\/div>\n\t\t\t\t\t\t<\/div>\n\t\t\t\t<\/div>\n\t\t\t\t\t<\/div>\n\t\t<\/div>\n\t\t\t\t\t<\/div>\n\t\t<\/section>\n\t\t\t\t<\/div>\n\t\t","protected":false},"excerpt":{"rendered":"<p>Ao longo destes anos, a responsabilidade social das empresas tem sido um pilar da nossa atividade em Fortim. Patrocin\u00e1mos a renova\u00e7\u00e3o de ONG locais. Cede de AJMP e cede de AMPM. Investir numa maior sensibiliza\u00e7\u00e3o para as quest\u00f5es ambientais. Investir em jardins em espa\u00e7os p\u00fablicos, como parques e escolas. B) Investir na forma\u00e7\u00e3o, patrocinando aulas&#8230;<\/p>\n","protected":false},"author":1,"featured_media":0,"parent":0,"menu_order":0,"comment_status":"closed","ping_status":"closed","template":"","meta":{"footnotes":""},"class_list":["post-20633","page","type-page","status-publish","hentry"],"_links":{"self":[{"href":"https:\/\/albaimoveis.com\/pt-br\/wp-json\/wp\/v2\/pages\/20633","targetHints":{"allow":["GET"]}}],"collection":[{"href":"https:\/\/albaimoveis.com\/pt-br\/wp-json\/wp\/v2\/pages"}],"about":[{"href":"https:\/\/albaimoveis.com\/pt-br\/wp-json\/wp\/v2\/types\/page"}],"author":[{"embeddable":true,"href":"https:\/\/albaimoveis.com\/pt-br\/wp-json\/wp\/v2\/users\/1"}],"replies":[{"embeddable":true,"href":"https:\/\/albaimoveis.com\/pt-br\/wp-json\/wp\/v2\/comments?post=20633"}],"version-history":[{"count":2,"href":"https:\/\/albaimoveis.com\/pt-br\/wp-json\/wp\/v2\/pages\/20633\/revisions"}],"predecessor-version":[{"id":21109,"href":"https:\/\/albaimoveis.com\/pt-br\/wp-json\/wp\/v2\/pages\/20633\/revisions\/21109"}],"wp:attachment":[{"href":"https:\/\/albaimoveis.com\/pt-br\/wp-json\/wp\/v2\/media?parent=20633"}],"curies":[{"name":"wp","href":"https:\/\/api.w.org\/{rel}","templated":true}]}}