{"id":20649,"date":"2019-07-16T16:01:09","date_gmt":"2019-07-16T16:01:09","guid":{"rendered":"https:\/\/albaimoveis.com\/sobre-nos\/"},"modified":"2023-09-05T11:07:49","modified_gmt":"2023-09-05T11:07:49","slug":"sobre-nos","status":"publish","type":"page","link":"https:\/\/albaimoveis.com\/pt-br\/sobre-nos\/","title":{"rendered":"Sobre n\u00f3s"},"content":{"rendered":"\t\t<div data-elementor-type=\"wp-post\" data-elementor-id=\"20649\" class=\"elementor elementor-20649 elementor-4674\">\n\t\t\t\t\t\t<section class=\"elementor-section elementor-top-section elementor-element elementor-element-3672e4e elementor-section-stretched elementor-section-full_width elementor-section-height-default elementor-section-height-default\" data-id=\"3672e4e\" data-element_type=\"section\" data-e-type=\"section\" data-settings=\"{&quot;stretch_section&quot;:&quot;section-stretched&quot;}\">\n\t\t\t\t\t\t<div class=\"elementor-container elementor-column-gap-no\">\n\t\t\t\t\t<div class=\"elementor-column elementor-col-100 elementor-top-column elementor-element elementor-element-e035f10\" data-id=\"e035f10\" data-element_type=\"column\" data-e-type=\"column\">\n\t\t\t<div class=\"elementor-widget-wrap elementor-element-populated\">\n\t\t\t\t\t\t<div class=\"elementor-element elementor-element-b8b23ad elementor-invisible elementor-widget elementor-widget-image\" data-id=\"b8b23ad\" data-element_type=\"widget\" data-e-type=\"widget\" data-settings=\"{&quot;_animation&quot;:&quot;fadeIn&quot;}\" data-widget_type=\"image.default\">\n\t\t\t\t<div class=\"elementor-widget-container\">\n\t\t\t\t\t\t\t\t\t\t\t\t\t\t\t<img decoding=\"async\" src=\"https:\/\/albaimoveis.com\/wp-content\/uploads\/elementor\/thumbs\/IMG_7902-e1571696888498-ofkwoe6cb519lv1vqmsvv38frox1ckaymun4fsk9zc.jpg\" title=\"IMG_7902\" alt=\"IMG_7902\" loading=\"lazy\" \/>\t\t\t\t\t\t\t\t\t\t\t\t\t\t\t<\/div>\n\t\t\t\t<\/div>\n\t\t\t\t\t<\/div>\n\t\t<\/div>\n\t\t\t\t\t<\/div>\n\t\t<\/section>\n\t\t\t\t<section class=\"elementor-section elementor-top-section elementor-element elementor-element-99c63fa elementor-section-boxed elementor-section-height-default elementor-section-height-default\" data-id=\"99c63fa\" data-element_type=\"section\" data-e-type=\"section\">\n\t\t\t\t\t\t<div class=\"elementor-container elementor-column-gap-default\">\n\t\t\t\t\t<div class=\"elementor-column elementor-col-100 elementor-top-column elementor-element elementor-element-72a286a\" data-id=\"72a286a\" data-element_type=\"column\" data-e-type=\"column\">\n\t\t\t<div class=\"elementor-widget-wrap elementor-element-populated\">\n\t\t\t\t\t\t<div class=\"elementor-element elementor-element-2ae4015 elementor-widget elementor-widget-spacer\" data-id=\"2ae4015\" data-element_type=\"widget\" data-e-type=\"widget\" data-widget_type=\"spacer.default\">\n\t\t\t\t<div class=\"elementor-widget-container\">\n\t\t\t\t\t\t\t<div class=\"elementor-spacer\">\n\t\t\t<div class=\"elementor-spacer-inner\"><\/div>\n\t\t<\/div>\n\t\t\t\t\t\t<\/div>\n\t\t\t\t<\/div>\n\t\t\t\t<div class=\"elementor-element elementor-element-5e57d16 elementor-widget elementor-widget-text-editor\" data-id=\"5e57d16\" data-element_type=\"widget\" data-e-type=\"widget\" data-widget_type=\"text-editor.default\">\n\t\t\t\t<div class=\"elementor-widget-container\">\n\t\t\t\t\t\t\t\t\t<h5>Alba Imoveis \u00e9 uma ag\u00eancia imobili\u00e1ria situada em Pontal do Maceio, Fortim, Ceara em Brasil.<\/h5>\n<p><\/p>\n<p><br><\/p><p>Como irm\u00e3s, eu, a Blerina e a Alida sempre sonh\u00e1mos em trabalhar juntas. Pens\u00e1mos que ia ser Nova Iorque ou Tirana, mas o caminho da vida mostrou-nos o Nordeste do Brasil.<\/p>\n<p>Vim pela primeira vez ao Cear\u00e1 em 2004. Em 2005, fiz o meu primeiro investimento numa aldeia vizinha chamada Parajuru. Desde ent\u00e3o, tenho visto esta regi\u00e3o crescer e desenvolver-se inimaginavelmente para melhor. Antes de vir investir no Brasil, trabalhei no sector imobili\u00e1rio durante v\u00e1rios anos em Manhattan, NYC. Mudei-me para o Brasil em 2014, quando surgiu a oportunidade de trabalhar com um investidor franc\u00eas, Emmanuel Noyant.<\/p>\n<p>Trabalh\u00e1mos juntos durante 4 anos, aprendendo com as experi\u00eancias e a diversidade cultural de cada um. Foi uma experi\u00eancia de aprendizagem que ajudou a moldar o nosso futuro. Dissolvemos a nossa empresa quando nos apercebemos que t\u00ednhamos paix\u00f5es diferentes que quer\u00edamos seguir. As minhas irm\u00e3s e eu sentimos que havia um vazio para uma ag\u00eancia imobili\u00e1ria estabelecida e registada. Em maio de 2019 recebi minha licen\u00e7a como corretor de im\u00f3veis junto ao Conselho Regional dos Corretores de Im\u00f3veis aqui no Brasil conhecido como CRECI.<\/p>\n<p><br><\/p><p>O meu n\u00famero de <span style=\"color: #003300;\">CRECI<\/span> \u00e9 <span style=\"color: #003300;\">18191<\/span> e<\/p>\n<p><br><\/p><p>Alba Imoveis, a nossa ag\u00eancia imobili\u00e1ria est\u00e1 tamb\u00e9m licenciada com o CRECI n.\u00ba 18568. 18568.<\/p>\n<p>A minha irm\u00e3 Blerina \u00e9 advogada e fala mais de cinco l\u00ednguas. Alida, o Perphas fala mais uma l\u00edngua estrangeira :). Foi bolseira Fullbright e estudou pol\u00edticas p\u00fablicas. A Alida \u00e9 respons\u00e1vel pelas rela\u00e7\u00f5es p\u00fablicas e tem tamb\u00e9m uma grande variedade de experi\u00eancias e forma\u00e7\u00f5es, o que traz uma riqueza de experi\u00eancias \u00e0 nossa empresa familiar. N\u00f3s tr\u00eas acreditamos que, devido \u00e0 nossa forma\u00e7\u00e3o e experi\u00eancia de longo prazo, podemos contribuir para um desenvolvimento imobili\u00e1rio saud\u00e1vel e respons\u00e1vel nesta regi\u00e3o do Cear\u00e1 e ajudar nossos clientes a realizar seus sonhos de possuir e investir no Brasil.<\/p>\t\t\t\t\t\t\t\t<\/div>\n\t\t\t\t<\/div>\n\t\t\t\t\t<\/div>\n\t\t<\/div>\n\t\t\t\t\t<\/div>\n\t\t<\/section>\n\t\t\t\t<section class=\"elementor-section elementor-top-section elementor-element elementor-element-f693122 elementor-section-boxed elementor-section-height-default elementor-section-height-default\" data-id=\"f693122\" data-element_type=\"section\" data-e-type=\"section\">\n\t\t\t\t\t\t<div class=\"elementor-container elementor-column-gap-default\">\n\t\t\t\t\t<div class=\"elementor-column elementor-col-100 elementor-top-column elementor-element elementor-element-e4c970c\" data-id=\"e4c970c\" data-element_type=\"column\" data-e-type=\"column\">\n\t\t\t<div class=\"elementor-widget-wrap elementor-element-populated\">\n\t\t\t\t\t\t<div class=\"elementor-element elementor-element-439e9aa elementor-widget elementor-widget-spacer\" data-id=\"439e9aa\" data-element_type=\"widget\" data-e-type=\"widget\" data-widget_type=\"spacer.default\">\n\t\t\t\t<div class=\"elementor-widget-container\">\n\t\t\t\t\t\t\t<div class=\"elementor-spacer\">\n\t\t\t<div class=\"elementor-spacer-inner\"><\/div>\n\t\t<\/div>\n\t\t\t\t\t\t<\/div>\n\t\t\t\t<\/div>\n\t\t\t\t\t<\/div>\n\t\t<\/div>\n\t\t\t\t\t<\/div>\n\t\t<\/section>\n\t\t\t\t<\/div>\n\t\t","protected":false},"excerpt":{"rendered":"<p>Alba Imoveis \u00e9 uma ag\u00eancia imobili\u00e1ria situada em Pontal do Maceio, Fortim, Ceara em Brasil. Como irm\u00e3s, eu, a Blerina e a Alida sempre sonh\u00e1mos em trabalhar juntas. Pens\u00e1mos que ia ser Nova Iorque ou Tirana, mas o caminho da vida mostrou-nos o Nordeste do Brasil. Vim pela primeira vez ao Cear\u00e1 em 2004. Em&#8230;<\/p>\n","protected":false},"author":1,"featured_media":4678,"parent":0,"menu_order":0,"comment_status":"closed","ping_status":"closed","template":"elementor_header_footer","meta":{"footnotes":""},"class_list":["post-20649","page","type-page","status-publish","has-post-thumbnail","hentry"],"_links":{"self":[{"href":"https:\/\/albaimoveis.com\/pt-br\/wp-json\/wp\/v2\/pages\/20649","targetHints":{"allow":["GET"]}}],"collection":[{"href":"https:\/\/albaimoveis.com\/pt-br\/wp-json\/wp\/v2\/pages"}],"about":[{"href":"https:\/\/albaimoveis.com\/pt-br\/wp-json\/wp\/v2\/types\/page"}],"author":[{"embeddable":true,"href":"https:\/\/albaimoveis.com\/pt-br\/wp-json\/wp\/v2\/users\/1"}],"replies":[{"embeddable":true,"href":"https:\/\/albaimoveis.com\/pt-br\/wp-json\/wp\/v2\/comments?post=20649"}],"version-history":[{"count":1,"href":"https:\/\/albaimoveis.com\/pt-br\/wp-json\/wp\/v2\/pages\/20649\/revisions"}],"predecessor-version":[{"id":20651,"href":"https:\/\/albaimoveis.com\/pt-br\/wp-json\/wp\/v2\/pages\/20649\/revisions\/20651"}],"wp:featuredmedia":[{"embeddable":true,"href":"https:\/\/albaimoveis.com\/pt-br\/wp-json\/wp\/v2\/media\/4678"}],"wp:attachment":[{"href":"https:\/\/albaimoveis.com\/pt-br\/wp-json\/wp\/v2\/media?parent=20649"}],"curies":[{"name":"wp","href":"https:\/\/api.w.org\/{rel}","templated":true}]}}